{"id":177,"date":"2022-11-04T10:02:06","date_gmt":"2022-11-04T09:02:06","guid":{"rendered":"http:\/\/https:\/\/randersbigband.dk\/?page_id=177"},"modified":"2023-08-20T17:05:34","modified_gmt":"2023-08-20T15:05:34","slug":"presse","status":"publish","type":"page","link":"https:\/\/randersbigband.dk\/en\/presse\/","title":{"rendered":"Press"},"content":{"rendered":"<h2 class=\"wp-block-heading has-normal-font-size\">Press photos<\/h2>\n\n\n\n<figure class=\"wp-block-gallery has-nested-images columns-default is-cropped wp-block-gallery-1 is-layout-flex wp-block-gallery-is-layout-flex\">\n<figure class=\"wp-block-image size-large is-style-default\"><a href=\"https:\/\/randersbigband.dk\/en\/rbb-logo\/\"><img loading=\"lazy\" decoding=\"async\" width=\"805\" height=\"805\" data-id=\"14\" src=\"https:\/\/randersbigband.dk\/wp-content\/uploads\/2022\/11\/logo.png\" alt=\"Logo\" class=\"wp-image-14\" srcset=\"https:\/\/randersbigband.dk\/wp-content\/uploads\/2022\/11\/logo.png 805w, https:\/\/randersbigband.dk\/wp-content\/uploads\/2022\/11\/logo-300x300.png 300w, https:\/\/randersbigband.dk\/wp-content\/uploads\/2022\/11\/logo-150x150.png 150w, https:\/\/randersbigband.dk\/wp-content\/uploads\/2022\/11\/logo-768x768.png 768w\" sizes=\"auto, (max-width: 805px) 100vw, 805px\" \/><\/a><figcaption class=\"wp-element-caption\">Logo<\/figcaption><\/figure>\n\n\n\n<figure class=\"wp-block-image size-large\"><a href=\"https:\/\/randersbigband.dk\/wp-content\/uploads\/2022\/11\/b-flat-berlin.jpg\"><img loading=\"lazy\" decoding=\"async\" width=\"1024\" height=\"576\" data-id=\"376\" src=\"https:\/\/randersbigband.dk\/wp-content\/uploads\/2022\/11\/b-flat-berlin-1024x576.jpg\" alt=\"\" class=\"wp-image-376\" srcset=\"https:\/\/randersbigband.dk\/wp-content\/uploads\/2022\/11\/b-flat-berlin-1024x576.jpg 1024w, https:\/\/randersbigband.dk\/wp-content\/uploads\/2022\/11\/b-flat-berlin-300x169.jpg 300w, https:\/\/randersbigband.dk\/wp-content\/uploads\/2022\/11\/b-flat-berlin-768x432.jpg 768w, https:\/\/randersbigband.dk\/wp-content\/uploads\/2022\/11\/b-flat-berlin-1536x864.jpg 1536w, https:\/\/randersbigband.dk\/wp-content\/uploads\/2022\/11\/b-flat-berlin-1200x675.jpg 1200w, https:\/\/randersbigband.dk\/wp-content\/uploads\/2022\/11\/b-flat-berlin.jpg 1920w\" sizes=\"auto, (max-width: 1024px) 100vw, 1024px\" \/><\/a><figcaption class=\"wp-element-caption\">Concert, b-flat Berlin<\/figcaption><\/figure>\n<\/figure>\n\n\n\n<figure class=\"wp-block-gallery has-nested-images columns-default is-cropped wp-block-gallery-2 is-layout-flex wp-block-gallery-is-layout-flex\">\n<figure class=\"wp-block-image size-large\"><a href=\"https:\/\/randersbigband.dk\/wp-content\/uploads\/2023\/08\/jakob-arendt-rasmussen.jpg\"><img loading=\"lazy\" decoding=\"async\" width=\"1707\" height=\"2560\" data-id=\"516\" src=\"https:\/\/randersbigband.dk\/wp-content\/uploads\/2023\/08\/jakob-arendt-rasmussen.jpg\" alt=\"\" class=\"wp-image-516\" srcset=\"https:\/\/randersbigband.dk\/wp-content\/uploads\/2023\/08\/jakob-arendt-rasmussen.jpg 1707w, https:\/\/randersbigband.dk\/wp-content\/uploads\/2023\/08\/jakob-arendt-rasmussen-200x300.jpg 200w\" sizes=\"auto, (max-width: 1707px) 100vw, 1707px\" \/><\/a><figcaption class=\"wp-element-caption\">Jakob Arendt Rasmussen, 1st alto saxophone<\/figcaption><\/figure>\n\n\n\n<figure class=\"wp-block-image size-large\"><a href=\"https:\/\/randersbigband.dk\/wp-content\/uploads\/2023\/08\/mads-jensen.jpg\"><img decoding=\"async\" src=\"https:\/\/randersbigband.dk\/wp-content\/uploads\/2023\/08\/mads-jensen.jpg\" alt=\"\"\/><\/a><figcaption class=\"wp-element-caption\">Mads Jensen, guitar<\/figcaption><\/figure>\n\n\n\n<figure class=\"wp-block-image size-large\"><a href=\"https:\/\/randersbigband.dk\/wp-content\/uploads\/2023\/08\/august-agergaard.jpg\"><img loading=\"lazy\" decoding=\"async\" width=\"683\" height=\"1024\" data-id=\"512\" src=\"https:\/\/randersbigband.dk\/wp-content\/uploads\/2023\/08\/august-agergaard-683x1024.jpg\" alt=\"\" class=\"wp-image-512\" srcset=\"https:\/\/randersbigband.dk\/wp-content\/uploads\/2023\/08\/august-agergaard-683x1024.jpg 683w, https:\/\/randersbigband.dk\/wp-content\/uploads\/2023\/08\/august-agergaard-200x300.jpg 200w, https:\/\/randersbigband.dk\/wp-content\/uploads\/2023\/08\/august-agergaard-768x1152.jpg 768w, https:\/\/randersbigband.dk\/wp-content\/uploads\/2023\/08\/august-agergaard-1024x1536.jpg 1024w, https:\/\/randersbigband.dk\/wp-content\/uploads\/2023\/08\/august-agergaard-1365x2048.jpg 1365w, https:\/\/randersbigband.dk\/wp-content\/uploads\/2023\/08\/august-agergaard-1200x1800.jpg 1200w, https:\/\/randersbigband.dk\/wp-content\/uploads\/2023\/08\/august-agergaard.jpg 1707w\" sizes=\"auto, (max-width: 683px) 100vw, 683px\" \/><\/a><figcaption class=\"wp-element-caption\">August Agergaard, bass<\/figcaption><\/figure>\n\n\n\n<figure class=\"wp-block-image size-large\"><a href=\"https:\/\/randersbigband.dk\/wp-content\/uploads\/2023\/08\/anton-langdahl.jpg\"><img loading=\"lazy\" decoding=\"async\" width=\"1024\" height=\"683\" data-id=\"513\" src=\"https:\/\/randersbigband.dk\/wp-content\/uploads\/2023\/08\/anton-langdahl-1024x683.jpg\" alt=\"\" class=\"wp-image-513\" srcset=\"https:\/\/randersbigband.dk\/wp-content\/uploads\/2023\/08\/anton-langdahl-1024x683.jpg 1024w, https:\/\/randersbigband.dk\/wp-content\/uploads\/2023\/08\/anton-langdahl-300x200.jpg 300w, https:\/\/randersbigband.dk\/wp-content\/uploads\/2023\/08\/anton-langdahl-768x512.jpg 768w, https:\/\/randersbigband.dk\/wp-content\/uploads\/2023\/08\/anton-langdahl-1536x1024.jpg 1536w, https:\/\/randersbigband.dk\/wp-content\/uploads\/2023\/08\/anton-langdahl-2048x1365.jpg 2048w, https:\/\/randersbigband.dk\/wp-content\/uploads\/2023\/08\/anton-langdahl-1200x800.jpg 1200w, https:\/\/randersbigband.dk\/wp-content\/uploads\/2023\/08\/anton-langdahl-1980x1320.jpg 1980w\" sizes=\"auto, (max-width: 1024px) 100vw, 1024px\" \/><\/a><figcaption class=\"wp-element-caption\">Anton Langdahl, 2nd trombone<\/figcaption><\/figure>\n\n\n\n<figure class=\"wp-block-image size-large\"><a href=\"https:\/\/randersbigband.dk\/wp-content\/uploads\/2023\/08\/nikolai-boegelund.jpg\"><img loading=\"lazy\" decoding=\"async\" width=\"1024\" height=\"683\" data-id=\"514\" src=\"https:\/\/randersbigband.dk\/wp-content\/uploads\/2023\/08\/nikolai-boegelund-1024x683.jpg\" alt=\"\" class=\"wp-image-514\" srcset=\"https:\/\/randersbigband.dk\/wp-content\/uploads\/2023\/08\/nikolai-boegelund-1024x683.jpg 1024w, https:\/\/randersbigband.dk\/wp-content\/uploads\/2023\/08\/nikolai-boegelund-300x200.jpg 300w, https:\/\/randersbigband.dk\/wp-content\/uploads\/2023\/08\/nikolai-boegelund-768x512.jpg 768w, https:\/\/randersbigband.dk\/wp-content\/uploads\/2023\/08\/nikolai-boegelund-1536x1024.jpg 1536w, https:\/\/randersbigband.dk\/wp-content\/uploads\/2023\/08\/nikolai-boegelund-2048x1365.jpg 2048w, https:\/\/randersbigband.dk\/wp-content\/uploads\/2023\/08\/nikolai-boegelund-1200x800.jpg 1200w, https:\/\/randersbigband.dk\/wp-content\/uploads\/2023\/08\/nikolai-boegelund-1980x1320.jpg 1980w\" sizes=\"auto, (max-width: 1024px) 100vw, 1024px\" \/><\/a><figcaption class=\"wp-element-caption\">Nikolai B\u00f8gelund, conductor<\/figcaption><\/figure>\n\n\n\n<figure class=\"wp-block-image size-large\"><a href=\"https:\/\/randersbigband.dk\/wp-content\/uploads\/2023\/08\/jonathan-rosendahl.jpg\"><img loading=\"lazy\" decoding=\"async\" width=\"1024\" height=\"683\" data-id=\"510\" src=\"https:\/\/randersbigband.dk\/wp-content\/uploads\/2023\/08\/jonathan-rosendahl-1024x683.jpg\" alt=\"\" class=\"wp-image-510\" srcset=\"https:\/\/randersbigband.dk\/wp-content\/uploads\/2023\/08\/jonathan-rosendahl-1024x683.jpg 1024w, https:\/\/randersbigband.dk\/wp-content\/uploads\/2023\/08\/jonathan-rosendahl-300x200.jpg 300w, https:\/\/randersbigband.dk\/wp-content\/uploads\/2023\/08\/jonathan-rosendahl-768x512.jpg 768w, https:\/\/randersbigband.dk\/wp-content\/uploads\/2023\/08\/jonathan-rosendahl-1536x1024.jpg 1536w, https:\/\/randersbigband.dk\/wp-content\/uploads\/2023\/08\/jonathan-rosendahl-2048x1366.jpg 2048w, https:\/\/randersbigband.dk\/wp-content\/uploads\/2023\/08\/jonathan-rosendahl-1200x800.jpg 1200w, https:\/\/randersbigband.dk\/wp-content\/uploads\/2023\/08\/jonathan-rosendahl-1980x1320.jpg 1980w\" sizes=\"auto, (max-width: 1024px) 100vw, 1024px\" \/><\/a><figcaption class=\"wp-element-caption\">Jonathan Rosendahl, 4th trumpet<\/figcaption><\/figure>\n\n\n\n<figure class=\"wp-block-image size-large\"><a href=\"https:\/\/randersbigband.dk\/wp-content\/uploads\/2023\/08\/christian-rudbeck.jpg\"><img loading=\"lazy\" decoding=\"async\" width=\"2560\" height=\"1706\" data-id=\"507\" src=\"https:\/\/randersbigband.dk\/wp-content\/uploads\/2023\/08\/christian-rudbeck.jpg\" alt=\"\" class=\"wp-image-507\" srcset=\"https:\/\/randersbigband.dk\/wp-content\/uploads\/2023\/08\/christian-rudbeck.jpg 2560w, https:\/\/randersbigband.dk\/wp-content\/uploads\/2023\/08\/christian-rudbeck-300x200.jpg 300w\" sizes=\"auto, (max-width: 2560px) 100vw, 2560px\" \/><\/a><figcaption class=\"wp-element-caption\">Christian Rudbeck, barytone saxophone<\/figcaption><\/figure>\n\n\n\n<figure class=\"wp-block-image size-large\"><a href=\"https:\/\/randersbigband.dk\/wp-content\/uploads\/2023\/08\/jakob-thykjaer.jpg\"><img loading=\"lazy\" decoding=\"async\" width=\"1024\" height=\"683\" data-id=\"504\" src=\"https:\/\/randersbigband.dk\/wp-content\/uploads\/2023\/08\/jakob-thykjaer-1024x683.jpg\" alt=\"\" class=\"wp-image-504\" srcset=\"https:\/\/randersbigband.dk\/wp-content\/uploads\/2023\/08\/jakob-thykjaer-1024x683.jpg 1024w, https:\/\/randersbigband.dk\/wp-content\/uploads\/2023\/08\/jakob-thykjaer-300x200.jpg 300w, https:\/\/randersbigband.dk\/wp-content\/uploads\/2023\/08\/jakob-thykjaer-768x512.jpg 768w, https:\/\/randersbigband.dk\/wp-content\/uploads\/2023\/08\/jakob-thykjaer-1536x1024.jpg 1536w, https:\/\/randersbigband.dk\/wp-content\/uploads\/2023\/08\/jakob-thykjaer-2048x1365.jpg 2048w, https:\/\/randersbigband.dk\/wp-content\/uploads\/2023\/08\/jakob-thykjaer-1200x800.jpg 1200w, https:\/\/randersbigband.dk\/wp-content\/uploads\/2023\/08\/jakob-thykjaer-1980x1320.jpg 1980w\" sizes=\"auto, (max-width: 1024px) 100vw, 1024px\" \/><\/a><figcaption class=\"wp-element-caption\">Jakob Thykj\u00e6r, 1st tenor saxophone<\/figcaption><\/figure>\n\n\n\n<figure class=\"wp-block-image size-large\"><a href=\"https:\/\/randersbigband.dk\/wp-content\/uploads\/2023\/08\/svend-midtgaard.jpg\"><img loading=\"lazy\" decoding=\"async\" width=\"683\" height=\"1024\" data-id=\"506\" src=\"https:\/\/randersbigband.dk\/wp-content\/uploads\/2023\/08\/svend-midtgaard-683x1024.jpg\" alt=\"\" class=\"wp-image-506\" srcset=\"https:\/\/randersbigband.dk\/wp-content\/uploads\/2023\/08\/svend-midtgaard-683x1024.jpg 683w, https:\/\/randersbigband.dk\/wp-content\/uploads\/2023\/08\/svend-midtgaard-200x300.jpg 200w, https:\/\/randersbigband.dk\/wp-content\/uploads\/2023\/08\/svend-midtgaard-768x1152.jpg 768w, https:\/\/randersbigband.dk\/wp-content\/uploads\/2023\/08\/svend-midtgaard-1024x1536.jpg 1024w, https:\/\/randersbigband.dk\/wp-content\/uploads\/2023\/08\/svend-midtgaard-1365x2048.jpg 1365w, https:\/\/randersbigband.dk\/wp-content\/uploads\/2023\/08\/svend-midtgaard-1200x1800.jpg 1200w, https:\/\/randersbigband.dk\/wp-content\/uploads\/2023\/08\/svend-midtgaard-1980x2970.jpg 1980w, https:\/\/randersbigband.dk\/wp-content\/uploads\/2023\/08\/svend-midtgaard.jpg 1706w\" sizes=\"auto, (max-width: 683px) 100vw, 683px\" \/><\/a><figcaption class=\"wp-element-caption\">Svend Midtgaard, 2nd tenor saxophone<\/figcaption><\/figure>\n\n\n\n<figure class=\"wp-block-image alignfull size-large\"><a href=\"https:\/\/randersbigband.dk\/wp-content\/uploads\/2023\/08\/basungruppen.jpg\"><img loading=\"lazy\" decoding=\"async\" width=\"1024\" height=\"683\" data-id=\"509\" src=\"https:\/\/randersbigband.dk\/wp-content\/uploads\/2023\/08\/basungruppen-1024x683.jpg\" alt=\"\" class=\"wp-image-509\" srcset=\"https:\/\/randersbigband.dk\/wp-content\/uploads\/2023\/08\/basungruppen-1024x683.jpg 1024w, https:\/\/randersbigband.dk\/wp-content\/uploads\/2023\/08\/basungruppen-300x200.jpg 300w, https:\/\/randersbigband.dk\/wp-content\/uploads\/2023\/08\/basungruppen-768x512.jpg 768w, https:\/\/randersbigband.dk\/wp-content\/uploads\/2023\/08\/basungruppen-1536x1024.jpg 1536w, https:\/\/randersbigband.dk\/wp-content\/uploads\/2023\/08\/basungruppen-2048x1366.jpg 2048w, https:\/\/randersbigband.dk\/wp-content\/uploads\/2023\/08\/basungruppen-1200x800.jpg 1200w, https:\/\/randersbigband.dk\/wp-content\/uploads\/2023\/08\/basungruppen-1980x1320.jpg 1980w\" sizes=\"auto, (max-width: 1024px) 100vw, 1024px\" \/><\/a><figcaption class=\"wp-element-caption\">The trombone section<\/figcaption><\/figure>\n\n\n\n<figure class=\"wp-block-image size-large\"><a href=\"https:\/\/randersbigband.dk\/wp-content\/uploads\/2023\/08\/amfiscenen-2023.jpg\"><img loading=\"lazy\" decoding=\"async\" width=\"1024\" height=\"478\" data-id=\"503\" src=\"https:\/\/randersbigband.dk\/wp-content\/uploads\/2023\/08\/amfiscenen-2023-1024x478.jpg\" alt=\"\" class=\"wp-image-503\" srcset=\"https:\/\/randersbigband.dk\/wp-content\/uploads\/2023\/08\/amfiscenen-2023-1024x478.jpg 1024w, https:\/\/randersbigband.dk\/wp-content\/uploads\/2023\/08\/amfiscenen-2023-300x140.jpg 300w, https:\/\/randersbigband.dk\/wp-content\/uploads\/2023\/08\/amfiscenen-2023-768x358.jpg 768w, https:\/\/randersbigband.dk\/wp-content\/uploads\/2023\/08\/amfiscenen-2023-1536x716.jpg 1536w, https:\/\/randersbigband.dk\/wp-content\/uploads\/2023\/08\/amfiscenen-2023-2048x955.jpg 2048w\" sizes=\"auto, (max-width: 1024px) 100vw, 1024px\" \/><\/a><figcaption class=\"wp-element-caption\">Randers Big Band with Anders Blichfeldt, Amfiscenen, V\u00e6rket, Randers<\/figcaption><\/figure>\n<\/figure>\n\n\n\n<h2 class=\"wp-block-heading has-normal-font-size\">Press text<\/h2>\n\n\n\n<p>Randers Big Band was founded in 1980 by Palle Hundborg. The band has since been on a musical journey with Ole Koch S\u00f8rensen, Jesper Riis, Nikolai B\u00f8gelund, and Peter Brem as musical directors. In 2021, Nikolai B\u00f8gelund took over the conductor\u2019s role for the second time and is currently directing the band.&nbsp;<\/p>\n\n\n\n<p>Randers Big Band likes to explore various musical genres and has played with many highly acclaimed soloists. Today, the band is regarded as one of the top big bands in Denmark \u2013 especially when it comes to playing traditional swing music.<\/p>\n\n\n\n<p>Over the years, Randers Big Band has participated in many festivals at home and abroad and has traveled on concert tours to Sweden, Finland, Poland, the Czech Republic, Germany, Switzerland, USA, Brazil, Canada and UK, among other places.&nbsp;<\/p>\n\n\n\n<p>Randers Big Band is supported by Randers Municipality.<\/p>","protected":false},"excerpt":{"rendered":"<p>Pressebilleder Pressetekst Randers Big Band opstod i 1980, hvor Palle Hundborg stiftede orkesteret. Bigbandet har siden da gennemg\u00e5et en stor musikalsk udvikling med b\u00e5de Ole Koch S\u00f8rensen, Jesper Riis, Nikolai [&hellip;]<\/p>","protected":false},"author":1,"featured_media":0,"parent":0,"menu_order":0,"comment_status":"closed","ping_status":"closed","template":"","meta":{"footnotes":""},"class_list":["post-177","page","type-page","status-publish","hentry"],"_links":{"self":[{"href":"https:\/\/randersbigband.dk\/en\/wp-json\/wp\/v2\/pages\/177","targetHints":{"allow":["GET"]}}],"collection":[{"href":"https:\/\/randersbigband.dk\/en\/wp-json\/wp\/v2\/pages"}],"about":[{"href":"https:\/\/randersbigband.dk\/en\/wp-json\/wp\/v2\/types\/page"}],"author":[{"embeddable":true,"href":"https:\/\/randersbigband.dk\/en\/wp-json\/wp\/v2\/users\/1"}],"replies":[{"embeddable":true,"href":"https:\/\/randersbigband.dk\/en\/wp-json\/wp\/v2\/comments?post=177"}],"version-history":[{"count":0,"href":"https:\/\/randersbigband.dk\/en\/wp-json\/wp\/v2\/pages\/177\/revisions"}],"wp:attachment":[{"href":"https:\/\/randersbigband.dk\/en\/wp-json\/wp\/v2\/media?parent=177"}],"curies":[{"name":"wp","href":"https:\/\/api.w.org\/{rel}","templated":true}]}}